{"id":7721,"date":"2025-10-12T15:22:04","date_gmt":"2025-10-12T18:22:04","guid":{"rendered":"http:\/\/renovagraficarapida.com.br\/?page_id=7721"},"modified":"2025-11-18T16:40:15","modified_gmt":"2025-11-18T19:40:15","slug":"servicos","status":"publish","type":"page","link":"https:\/\/renovagraficarapida.com.br\/?page_id=7721","title":{"rendered":"Servi\u00e7os"},"content":{"rendered":"\t\t<div data-elementor-type=\"wp-page\" data-elementor-id=\"7721\" class=\"elementor elementor-7721\">\n\t\t\t\t\t\t<section class=\"elementor-section elementor-top-section elementor-element elementor-element-8c4913f elementor-section-content-middle pbmit-col-stretched-none pbmit-bg-color-over-image elementor-section-boxed elementor-section-height-default elementor-section-height-default\" data-id=\"8c4913f\" data-element_type=\"section\">\n\t\t\t\t\t\t<div class=\"elementor-container elementor-column-gap-no\">\n\t\t\t\t\t<div class=\"elementor-column elementor-col-50 elementor-top-column elementor-element elementor-element-0a9c70f pbmit-bg-color-over-image\" data-id=\"0a9c70f\" data-element_type=\"column\">\n\t\t\t<div class=\"elementor-widget-wrap elementor-element-populated\">\n\t\t\t\t\t\t<div class=\"elementor-element elementor-element-dd9cd6b ttta elementor-widget elementor-widget-pbmit_multiple_icon_heading\" data-id=\"dd9cd6b\" data-element_type=\"widget\" data-widget_type=\"pbmit_multiple_icon_heading.default\">\n\t\t\t\t<div class=\"elementor-widget-container\">\n\t\t\t\t\t\r\n\t\t<div class=\"pbminfotech-element\r\n\t\t\tpbminfotech-element-miconheading\t\t\tpbmit-element-miconheading-style-20\t\t\tpbmit-element-viewtype-row-column\t\t\tpbmit-element-column-one\t\t\tpbmit-element-sticky-carousel-false\t\t\tpbmit-element-caroursel-dot-false\t\t\tpbmit-infinite-scroll-no\t\t\tpbmit-infinite-scroll-button-no\t\t\t\t\t\t\t\t\t\t\t\t\"\r\n\r\n\t\t\tdata-cpt=\"miconheading\"\r\n\t\t\tdata-totalpagination=\"1\"\r\n\t\t\tdata-style=\"20\"\r\n\t\t\tdata-show=\"3\"\r\n\t\t\tdata-columns=\"1\"\r\n\t\t\tdata-loop=\"false\"\r\n\t\t\tdata-autoplay=\"false\"\r\n\t\t\tdata-center=\"false\"\r\n\t\t\tdata-nav=\"false\"\r\n\t\t\tdata-dots=\"false\"\r\n\t\t\tdata-reverse=\"false\"\r\n\t\t\tdata-speed=\"1000\"\r\n\t\t\tdata-marquee-speed=\"10000\"\r\n\t\t\tdata-delay=\"4000\"\r\n\t\t\tdata-margin=\"\"\r\n\t\t\tdata-show-portion=\"false\">\r\n\r\n\t\t\t<div class=\"pbmit-element-inner\">\r\n\t\t\r\n\r\n\t\t\r\n\t\t<div class=\"pbmit-ele-header-area\">\r\n\t\t\t <div class=\"pbmit-heading-subheading pbmit-heading-subheading-style-1 pbmit-reverse-heading-yes animation-style4\"><h4 class=\"pbmit-element-subtitle\"><span>\r\n\t\t\t\t<\/span>\r\n\t\t\t\t\r\n\t\t\t\t\tServi\u00e7os\r\n\t\t\t\t\r\n\t\t\t\t<\/h4>\r\n\t\t\t<h2 class=\"pbmit-element-title\">\r\n\t\t\t\t\r\n\t\t\t\t\tImprimimos Sua Expectativa\r\n\t\t\t\t\r\n\t\t\t\t<\/h2>\r\n\t\t\t<div class=\"pbmit-heading-desc\"><strong>Comunica\u00e7\u00e3o Visual <\/strong>\ud83c\udfaf\n<br><br>\n\u2705 Adesivo automotivo com aplica\u00e7\u00e3o\n<br>\n\u2705 Adesivo de recorte para r\u00f3tulos\n<br>\n\u2705 Adesivo para vitrine de loja\n<br>\n\u2705 Adesivo perfurado para vidros\n<br>\n\u2705 Card\u00e1pios para restaurantes e lanchonetes\n<br>\n\u2705 Fachada de loja\n<br>\n\u2705 Lona para anivers\u00e1rio\n<br>\n\u2705 Placa de identifica\u00e7\u00e3o\n<br>\n\u2705 Placa para sinaliza\u00e7\u00e3o em PVC\n<br>\n\u2705 Quadro em PVC\n<br>\n\u2705 Quadro em PVC para anivers\u00e1rio\n<br>\n\u2705 Wind banner<\/div><\/div>\t\t<\/div>\r\n\r\n\r\n\t\t<div class=\"pbmit-element-posts-wrapper row multi-columns-row\">\r\n\r\n\t\t\t<article class=\"pbmit-ele pbmit-ele-miconheading pbmit-miconheading-style-20 col-md-12   \">\r\n\t\t\t\t\t\t<div class=\"pbmit-ihbox pbmit-ihbox-style-20\">\r\n\t\t\t\t\t\t\t<div class=\"pbmit-ihbox-headingicon\">\r\n\t\t<div class=\"pbmit-ihbox-contents\">\r\n\t\t\t\t\t\t\t\t\t\t\t<\/div><!-- .pbmit-ihbox-contents -->\r\n<\/div> \t\r\n\t\t\t\t\t\t<\/div>\r\n\r\n\t\t\t\t\t<\/article>\r\n\t\t<\/div>\r\n\r\n\t\t\t\t\t<\/div><!-- .pbmit-element-inner -->\r\n\t\t<\/div><!-- .pbminfotech-element -->\r\n\r\n\t\t\t\t\t\t<\/div>\n\t\t\t\t<\/div>\n\t\t\t\t<div class=\"elementor-element elementor-element-c3b2e62 pbmit-btn-shape-rounded elementor-widget__width-initial pbmit-btn-color-globalcolor pbmit-btn-hover-color-blackish pbmit-btn-style-flat pbmit-btn-magnatic-yes elementor-widget elementor-widget-button\" data-id=\"c3b2e62\" data-element_type=\"widget\" data-widget_type=\"button.default\">\n\t\t\t\t<div class=\"elementor-widget-container\">\n\t\t\t\t\t\t\t\t\t<div class=\"elementor-button-wrapper\">\n\t\t\t\t\t<a class=\"elementor-button elementor-button-link elementor-size-sm elementor-animation-shrink\" href=\"https:\/\/wa.me\/5524988230484\">\n\t\t\t\t\t\t<span class=\"elementor-button-content-wrapper\">\n\t\t\t\t\t\t<span class=\"elementor-button-icon\">\n\t\t\t\t\t\t\t<\/span>\n\t\t\t\t\t\t\t\t\t<span class=\"elementor-button-text\">Saiba Mais<\/span>\n\t\t\t\t\t<\/span>\n\t\t\t\t\t<\/a>\n\t\t\t\t<\/div>\n\t\t\t\t\t\t\t\t<\/div>\n\t\t\t\t<\/div>\n\t\t\t\t\t<\/div>\n\t\t<\/div>\n\t\t\t\t<div class=\"elementor-column elementor-col-50 elementor-top-column elementor-element elementor-element-2337907 pbmit-bg-color-over-image\" data-id=\"2337907\" data-element_type=\"column\">\n\t\t\t<div class=\"elementor-widget-wrap elementor-element-populated\">\n\t\t\t\t\t\t<div class=\"elementor-element elementor-element-c578f64 pbmit-animation-none elementor-widget elementor-widget-image\" data-id=\"c578f64\" data-element_type=\"widget\" data-widget_type=\"image.default\">\n\t\t\t\t<div class=\"elementor-widget-container\">\n\t\t\t\t\t\t\t\t\t\t\t\t\t\t\t<img fetchpriority=\"high\" decoding=\"async\" width=\"819\" height=\"1024\" src=\"https:\/\/renovagraficarapida.com.br\/wp-content\/uploads\/2025\/10\/renova-grafica-01-819x1024.jpg\" class=\"attachment-large size-large wp-image-7887\" alt=\"\" srcset=\"https:\/\/renovagraficarapida.com.br\/wp-content\/uploads\/2025\/10\/renova-grafica-01-819x1024.jpg 819w, https:\/\/renovagraficarapida.com.br\/wp-content\/uploads\/2025\/10\/renova-grafica-01-240x300.jpg 240w, https:\/\/renovagraficarapida.com.br\/wp-content\/uploads\/2025\/10\/renova-grafica-01-768x960.jpg 768w, https:\/\/renovagraficarapida.com.br\/wp-content\/uploads\/2025\/10\/renova-grafica-01-600x750.jpg 600w, https:\/\/renovagraficarapida.com.br\/wp-content\/uploads\/2025\/10\/renova-grafica-01.jpg 1080w\" sizes=\"(max-width: 819px) 100vw, 819px\" \/>\t\t\t\t\t\t\t\t\t\t\t\t\t\t\t<\/div>\n\t\t\t\t<\/div>\n\t\t\t\t\t<\/div>\n\t\t<\/div>\n\t\t\t\t\t<\/div>\n\t\t<\/section>\n\t\t\t\t<section class=\"elementor-section elementor-top-section elementor-element elementor-element-71063a8 elementor-section-content-middle elementor-section-stretched clients pbmit-col-stretched-none pbmit-bg-color-over-image elementor-section-boxed elementor-section-height-default elementor-section-height-default\" data-id=\"71063a8\" data-element_type=\"section\" id=\"brancoo\" data-settings=\"{&quot;stretch_section&quot;:&quot;section-stretched&quot;,&quot;background_background&quot;:&quot;classic&quot;}\">\n\t\t\t\t\t\t<div class=\"elementor-container elementor-column-gap-no\">\n\t\t\t\t\t<div class=\"elementor-column elementor-col-50 elementor-top-column elementor-element elementor-element-a93f41b pbmit-bg-color-over-image\" data-id=\"a93f41b\" data-element_type=\"column\">\n\t\t\t<div class=\"elementor-widget-wrap elementor-element-populated\">\n\t\t\t\t\t\t<div class=\"elementor-element elementor-element-d4d8140 pbmit-animation-none elementor-widget elementor-widget-image\" data-id=\"d4d8140\" data-element_type=\"widget\" data-widget_type=\"image.default\">\n\t\t\t\t<div class=\"elementor-widget-container\">\n\t\t\t\t\t\t\t\t\t\t\t\t\t\t\t<img decoding=\"async\" width=\"819\" height=\"1024\" src=\"https:\/\/renovagraficarapida.com.br\/wp-content\/uploads\/2025\/10\/renova-grafica-03-819x1024.jpg\" class=\"attachment-large size-large wp-image-7885\" alt=\"\" srcset=\"https:\/\/renovagraficarapida.com.br\/wp-content\/uploads\/2025\/10\/renova-grafica-03-819x1024.jpg 819w, https:\/\/renovagraficarapida.com.br\/wp-content\/uploads\/2025\/10\/renova-grafica-03-240x300.jpg 240w, https:\/\/renovagraficarapida.com.br\/wp-content\/uploads\/2025\/10\/renova-grafica-03-768x960.jpg 768w, https:\/\/renovagraficarapida.com.br\/wp-content\/uploads\/2025\/10\/renova-grafica-03-600x750.jpg 600w, https:\/\/renovagraficarapida.com.br\/wp-content\/uploads\/2025\/10\/renova-grafica-03.jpg 1080w\" sizes=\"(max-width: 819px) 100vw, 819px\" \/>\t\t\t\t\t\t\t\t\t\t\t\t\t\t\t<\/div>\n\t\t\t\t<\/div>\n\t\t\t\t\t<\/div>\n\t\t<\/div>\n\t\t\t\t<div class=\"elementor-column elementor-col-50 elementor-top-column elementor-element elementor-element-7b59ecb clients pbmit-bg-color-over-image\" data-id=\"7b59ecb\" data-element_type=\"column\">\n\t\t\t<div class=\"elementor-widget-wrap elementor-element-populated\">\n\t\t\t\t\t\t<div class=\"elementor-element elementor-element-0e7b780 ttta elementor-widget elementor-widget-pbmit_multiple_icon_heading\" data-id=\"0e7b780\" data-element_type=\"widget\" id=\"brancoo\" data-widget_type=\"pbmit_multiple_icon_heading.default\">\n\t\t\t\t<div class=\"elementor-widget-container\">\n\t\t\t\t\t\r\n\t\t<div class=\"pbminfotech-element\r\n\t\t\tpbminfotech-element-miconheading\t\t\tpbmit-element-miconheading-style-20\t\t\tpbmit-element-viewtype-row-column\t\t\tpbmit-element-column-one\t\t\tpbmit-element-sticky-carousel-false\t\t\tpbmit-element-caroursel-dot-false\t\t\tpbmit-infinite-scroll-no\t\t\tpbmit-infinite-scroll-button-no\t\t\t\t\t\t\t\t\t\t\t\t\"\r\n\r\n\t\t\tdata-cpt=\"miconheading\"\r\n\t\t\tdata-totalpagination=\"1\"\r\n\t\t\tdata-style=\"20\"\r\n\t\t\tdata-show=\"3\"\r\n\t\t\tdata-columns=\"1\"\r\n\t\t\tdata-loop=\"false\"\r\n\t\t\tdata-autoplay=\"false\"\r\n\t\t\tdata-center=\"false\"\r\n\t\t\tdata-nav=\"false\"\r\n\t\t\tdata-dots=\"false\"\r\n\t\t\tdata-reverse=\"false\"\r\n\t\t\tdata-speed=\"1000\"\r\n\t\t\tdata-marquee-speed=\"10000\"\r\n\t\t\tdata-delay=\"4000\"\r\n\t\t\tdata-margin=\"\"\r\n\t\t\tdata-show-portion=\"false\">\r\n\r\n\t\t\t<div class=\"pbmit-element-inner\">\r\n\t\t\r\n\r\n\t\t\r\n\t\t<div class=\"pbmit-ele-header-area\">\r\n\t\t\t <div class=\"pbmit-heading-subheading pbmit-heading-subheading-style-1 pbmit-reverse-heading-yes animation-style4\"><h4 class=\"pbmit-element-subtitle\"><span>\r\n\t\t\t\t<\/span>\r\n\t\t\t\t\r\n\t\t\t\t\tServi\u00e7os\r\n\t\t\t\t\r\n\t\t\t\t<\/h4>\r\n\t\t\t<h2 class=\"pbmit-element-title\">\r\n\t\t\t\t\r\n\t\t\t\t\tBarra Mansa com Entrega em Toda a Regi\u00e3o\r\n\t\t\t\t\r\n\t\t\t\t<\/h2>\r\n\t\t\t<div class=\"pbmit-heading-desc\">\ud83d\udcc4 Impress\u00e3o Digital<br><br>\n\n\u2705 Agenda Carolina\n<br>\n\u2705 Agenda comercial\n<br>\n\u2705 Agenda edificante\n<br>\n\u2705 Agenda escolar\n<br>\n\u2705 Agenda personalizada\n<br>\n\u2705 Apostilas\n<br>\n\u2705 Blocos de rascunho\n<br>\n\u2705 Blocos para cl\u00ednicas\n<br>\n\u2705 Cadernos\n<br>\n\u2705 Calend\u00e1rios\n<br>\n\u2705 Card\u00e1pios plastificados\n<br>\n\u2705 Cartaz\n<br>\n\u2705 Cart\u00e3o de visita\n<br>\n\u2705 Cart\u00e3o postal\n<br>\n\u2705 Crach\u00e1\n<br>\n\u2705 Folder\n<br>\n\u2705 Panfletos\n<br>\n\u2705 Pastas<\/div><\/div>\t\t<\/div>\r\n\r\n\r\n\t\t<div class=\"pbmit-element-posts-wrapper row multi-columns-row\">\r\n\r\n\t\t\t<article class=\"pbmit-ele pbmit-ele-miconheading pbmit-miconheading-style-20 col-md-12   \">\r\n\t\t\t\t\t\t<div class=\"pbmit-ihbox pbmit-ihbox-style-20\">\r\n\t\t\t\t\t\t\t<div class=\"pbmit-ihbox-headingicon\">\r\n\t\t<div class=\"pbmit-ihbox-contents\">\r\n\t\t\t\t\t\t\t\t\t\t\t<\/div><!-- .pbmit-ihbox-contents -->\r\n<\/div> \t\r\n\t\t\t\t\t\t<\/div>\r\n\r\n\t\t\t\t\t<\/article>\r\n\t\t<\/div>\r\n\r\n\t\t\t\t\t<\/div><!-- .pbmit-element-inner -->\r\n\t\t<\/div><!-- .pbminfotech-element -->\r\n\r\n\t\t\t\t\t\t<\/div>\n\t\t\t\t<\/div>\n\t\t\t\t<div class=\"elementor-element elementor-element-7cfea21 pbmit-btn-shape-rounded elementor-widget__width-initial pbmit-btn-color-globalcolor pbmit-btn-hover-color-blackish pbmit-btn-style-flat pbmit-btn-magnatic-yes elementor-widget elementor-widget-button\" data-id=\"7cfea21\" data-element_type=\"widget\" data-widget_type=\"button.default\">\n\t\t\t\t<div class=\"elementor-widget-container\">\n\t\t\t\t\t\t\t\t\t<div class=\"elementor-button-wrapper\">\n\t\t\t\t\t<a class=\"elementor-button elementor-button-link elementor-size-sm elementor-animation-shrink\" href=\"https:\/\/wa.me\/5524988230484\">\n\t\t\t\t\t\t<span class=\"elementor-button-content-wrapper\">\n\t\t\t\t\t\t<span class=\"elementor-button-icon\">\n\t\t\t\t\t\t\t<\/span>\n\t\t\t\t\t\t\t\t\t<span class=\"elementor-button-text\">Fale Conosco Agora Mesmo<\/span>\n\t\t\t\t\t<\/span>\n\t\t\t\t\t<\/a>\n\t\t\t\t<\/div>\n\t\t\t\t\t\t\t\t<\/div>\n\t\t\t\t<\/div>\n\t\t\t\t\t<\/div>\n\t\t<\/div>\n\t\t\t\t\t<\/div>\n\t\t<\/section>\n\t\t\t\t<div class=\"elementor-section elementor-top-section elementor-element elementor-element-9dcb6cd elementor-section-stretched pbmit-col-stretched-none pbmit-bg-color-over-image elementor-section-boxed elementor-section-height-default elementor-section-height-default elementor-invisible\" data-id=\"9dcb6cd\" data-element_type=\"section\" data-settings=\"{&quot;stretch_section&quot;:&quot;section-stretched&quot;,&quot;background_background&quot;:&quot;classic&quot;,&quot;animation&quot;:&quot;fadeInLeft&quot;}\">\n\t\t\t\t\t\t<div class=\"elementor-container elementor-column-gap-no\">\n\t\t\t\t\t<div class=\"elementor-column elementor-col-100 elementor-top-column elementor-element elementor-element-ca4b986 pbmit-bg-color-over-image\" data-id=\"ca4b986\" data-element_type=\"column\">\n\t\t\t<div class=\"elementor-widget-wrap elementor-element-populated\">\n\t\t\t\t\t\t<div class=\"elementor-element elementor-element-05c7a2a elementor-widget elementor-widget-pbmit_testimonial_element\" data-id=\"05c7a2a\" data-element_type=\"widget\" data-widget_type=\"pbmit_testimonial_element.default\">\n\t\t\t\t<div class=\"elementor-widget-container\">\n\t\t\t\t\t\r\n\t\t<div class=\"pbminfotech-element\r\n\t\t\tpbminfotech-element-testimonial\t\t\tpbmit-element-testimonial-style-2\t\t\tpbmit-element-viewtype-carousel\t\t\tpbmit-element-column-three\t\t\tpbmit-element-sticky-carousel-false\t\t\tpbmit-element-caroursel-dot-false\t\t\tpbmit-infinite-scroll-no\t\t\tpbmit-infinite-scroll-button-no\t\t\tpbminfotech-gap-default\t\t\t\t\t\t\t\t\t\"\r\n\r\n\t\t\tdata-cpt=\"testimonial\"\r\n\t\t\tdata-totalpagination=\"2\"\r\n\t\t\tdata-style=\"2\"\r\n\t\t\tdata-show=\"6\"\r\n\t\t\tdata-columns=\"3\"\r\n\t\t\tdata-loop=\"true\"\r\n\t\t\tdata-autoplay=\"true\"\r\n\t\t\tdata-center=\"false\"\r\n\t\t\tdata-nav=\"false\"\r\n\t\t\tdata-dots=\"false\"\r\n\t\t\tdata-reverse=\"false\"\r\n\t\t\tdata-speed=\"3000\"\r\n\t\t\tdata-marquee-speed=\"10000\"\r\n\t\t\tdata-delay=\"4000\"\r\n\t\t\tdata-margin=\"default\"\r\n\t\t\tdata-show-portion=\"false\">\r\n\r\n\t\t\t<div class=\"pbmit-element-inner\">\r\n\t\t\r\n\r\n\t\t\t\t\t<div class=\"pbmit-ele-header-area\">\r\n\t\t\t\t <div class=\"pbmit-heading-subheading pbmit-heading-subheading-style-1  animation-style4\"><\/div>\t\t\t<\/div>\r\n\r\n\t\t<div class=\"pbmit-infinite-scroll-data\">{\"cpt\":\"testimonial\",\"style\":\"2\",\"columns\":\"3\",\"show\":\"6\",\"order\":\"DESC\",\"orderby\":\"none\"}<\/div> <div class=\"pbmit-marquee-effect-section\"> \r\n\t\t\t\t<div class=\"pbmit-element-posts-wrapper  row multi-columns-row  pbmit-marquee-container   swiper-container\">\r\n\r\n\t\t\t\t\t<article class=\"pbmit-ele pbmit-ele-testimonial pbmit-testimonial-style-2 col-md-4  pbmit-odd pbmit-col-odd\"><div class=\"pbminfotech-post-item\">\r\n\t<div class=\"pbmit-box-content-wrap\">\r\n\t\t<div class=\"pbminfotech-box-star-ratings\"><i class=\"pbmit-base-icon-star-1 pbmit-active\"><\/i><i class=\"pbmit-base-icon-star-1 pbmit-active\"><\/i><i class=\"pbmit-base-icon-star-1 pbmit-active\"><\/i><i class=\"pbmit-base-icon-star-1 pbmit-active\"><\/i><i class=\"pbmit-base-icon-star-1 pbmit-active\"><\/i><\/div>\t\t<div class=\"pbminfotech-box-desc\">\r\n\t\t\t<blockquote class=\"pbminfotech-testimonial-text\"><p>Atendimento r\u00e1pido, prova digital clara e acabamento impec\u00e1vel.<\/p>\n<\/blockquote>\r\n\t\t<\/div>\r\n\t\t<div class=\"pbminfotech-box-author d-flex align-items-center\">\r\n\t\t\t<div class=\"pbminfotech-box-img\">\r\n\t\t\t\t\t\t\t<\/div>\r\n\t\t\t<div class=\"pbmit-auther-content\">\r\n\t\t\t\t<h3 class=\"pbminfotech-box-title\">Rafael Pires<\/h3>\r\n\t\t\t\t\t\t\t<\/div>\r\n\t\t<\/div>\r\n\t<\/div>\r\n<\/div><\/article><article class=\"pbmit-ele pbmit-ele-testimonial pbmit-testimonial-style-2 col-md-4  pbmit-even pbmit-col-odd\"><div class=\"pbminfotech-post-item\">\r\n\t<div class=\"pbmit-box-content-wrap\">\r\n\t\t<div class=\"pbminfotech-box-star-ratings\"><i class=\"pbmit-base-icon-star-1 pbmit-active\"><\/i><i class=\"pbmit-base-icon-star-1 pbmit-active\"><\/i><i class=\"pbmit-base-icon-star-1 pbmit-active\"><\/i><i class=\"pbmit-base-icon-star-1 pbmit-active\"><\/i><i class=\"pbmit-base-icon-star-1 pbmit-active\"><\/i><\/div>\t\t<div class=\"pbminfotech-box-desc\">\r\n\t\t\t<blockquote class=\"pbminfotech-testimonial-text\"><p>Os cat\u00e1logos chegaram embalados, sem amassar, prontos para a feira.<\/p>\n<\/blockquote>\r\n\t\t<\/div>\r\n\t\t<div class=\"pbminfotech-box-author d-flex align-items-center\">\r\n\t\t\t<div class=\"pbminfotech-box-img\">\r\n\t\t\t\t\t\t\t<\/div>\r\n\t\t\t<div class=\"pbmit-auther-content\">\r\n\t\t\t\t<h3 class=\"pbminfotech-box-title\">Camila Ferraz<\/h3>\r\n\t\t\t\t\t\t\t<\/div>\r\n\t\t<\/div>\r\n\t<\/div>\r\n<\/div><\/article><article class=\"pbmit-ele pbmit-ele-testimonial pbmit-testimonial-style-2 col-md-4  pbmit-odd pbmit-col-odd\"><div class=\"pbminfotech-post-item\">\r\n\t<div class=\"pbmit-box-content-wrap\">\r\n\t\t<div class=\"pbminfotech-box-star-ratings\"><i class=\"pbmit-base-icon-star-1 pbmit-active\"><\/i><i class=\"pbmit-base-icon-star-1 pbmit-active\"><\/i><i class=\"pbmit-base-icon-star-1 pbmit-active\"><\/i><i class=\"pbmit-base-icon-star-1 pbmit-active\"><\/i><i class=\"pbmit-base-icon-star-1 pbmit-active\"><\/i><\/div>\t\t<div class=\"pbminfotech-box-desc\">\r\n\t\t\t<blockquote class=\"pbminfotech-testimonial-text\"><p>Pre\u00e7o justo e qualidade constante em todas as tiragens.<\/p>\n<\/blockquote>\r\n\t\t<\/div>\r\n\t\t<div class=\"pbminfotech-box-author d-flex align-items-center\">\r\n\t\t\t<div class=\"pbminfotech-box-img\">\r\n\t\t\t\t\t\t\t<\/div>\r\n\t\t\t<div class=\"pbmit-auther-content\">\r\n\t\t\t\t<h3 class=\"pbminfotech-box-title\">Bruno Andrade<\/h3>\r\n\t\t\t\t\t\t\t<\/div>\r\n\t\t<\/div>\r\n\t<\/div>\r\n<\/div><\/article><article class=\"pbmit-ele pbmit-ele-testimonial pbmit-testimonial-style-2 col-md-4  pbmit-even pbmit-col-even\"><div class=\"pbminfotech-post-item\">\r\n\t<div class=\"pbmit-box-content-wrap\">\r\n\t\t<div class=\"pbminfotech-box-star-ratings\"><i class=\"pbmit-base-icon-star-1 pbmit-active\"><\/i><i class=\"pbmit-base-icon-star-1 pbmit-active\"><\/i><i class=\"pbmit-base-icon-star-1 pbmit-active\"><\/i><i class=\"pbmit-base-icon-star-1 pbmit-active\"><\/i><i class=\"pbmit-base-icon-star-1 pbmit-active\"><\/i><\/div>\t\t<div class=\"pbminfotech-box-desc\">\r\n\t\t\t<blockquote class=\"pbminfotech-testimonial-text\"><p>Conseguiram o Pantone exato da nossa marca. Excelente!<\/p>\n<\/blockquote>\r\n\t\t<\/div>\r\n\t\t<div class=\"pbminfotech-box-author d-flex align-items-center\">\r\n\t\t\t<div class=\"pbminfotech-box-img\">\r\n\t\t\t\t\t\t\t<\/div>\r\n\t\t\t<div class=\"pbmit-auther-content\">\r\n\t\t\t\t<h3 class=\"pbminfotech-box-title\">Ana Bezerra<\/h3>\r\n\t\t\t\t\t\t\t<\/div>\r\n\t\t<\/div>\r\n\t<\/div>\r\n<\/div><\/article><article class=\"pbmit-ele pbmit-ele-testimonial pbmit-testimonial-style-2 col-md-4  pbmit-odd pbmit-col-even\"><div class=\"pbminfotech-post-item\">\r\n\t<div class=\"pbmit-box-content-wrap\">\r\n\t\t<div class=\"pbminfotech-box-star-ratings\"><i class=\"pbmit-base-icon-star-1 pbmit-active\"><\/i><i class=\"pbmit-base-icon-star-1 pbmit-active\"><\/i><i class=\"pbmit-base-icon-star-1 pbmit-active\"><\/i><i class=\"pbmit-base-icon-star-1 pbmit-active\"><\/i><i class=\"pbmit-base-icon-star-1 pbmit-active\"><\/i><\/div>\t\t<div class=\"pbminfotech-box-desc\">\r\n\t\t\t<blockquote class=\"pbminfotech-testimonial-text\"><p>Prazo curto, zero retrabalho e comunica\u00e7\u00e3o transparente.<\/p>\n<\/blockquote>\r\n\t\t<\/div>\r\n\t\t<div class=\"pbminfotech-box-author d-flex align-items-center\">\r\n\t\t\t<div class=\"pbminfotech-box-img\">\r\n\t\t\t\t\t\t\t<\/div>\r\n\t\t\t<div class=\"pbmit-auther-content\">\r\n\t\t\t\t<h3 class=\"pbminfotech-box-title\">Patr\u00edcia Moura<\/h3>\r\n\t\t\t\t\t\t\t<\/div>\r\n\t\t<\/div>\r\n\t<\/div>\r\n<\/div><\/article><article class=\"pbmit-ele pbmit-ele-testimonial pbmit-testimonial-style-2 col-md-4  pbmit-even pbmit-col-even\"><div class=\"pbminfotech-post-item\">\r\n\t<div class=\"pbmit-box-content-wrap\">\r\n\t\t<div class=\"pbminfotech-box-star-ratings\"><i class=\"pbmit-base-icon-star-1 pbmit-active\"><\/i><i class=\"pbmit-base-icon-star-1 pbmit-active\"><\/i><i class=\"pbmit-base-icon-star-1 pbmit-active\"><\/i><i class=\"pbmit-base-icon-star-1 pbmit-active\"><\/i><i class=\"pbmit-base-icon-star-1 pbmit-active\"><\/i><\/div>\t\t<div class=\"pbminfotech-box-desc\">\r\n\t\t\t<blockquote class=\"pbminfotech-testimonial-text\"><p>Os adesivos resistiram \u00e0 chuva e sol sem desbotar. Muito bom.<\/p>\n<\/blockquote>\r\n\t\t<\/div>\r\n\t\t<div class=\"pbminfotech-box-author d-flex align-items-center\">\r\n\t\t\t<div class=\"pbminfotech-box-img\">\r\n\t\t\t\t\t\t\t<\/div>\r\n\t\t\t<div class=\"pbmit-auther-content\">\r\n\t\t\t\t<h3 class=\"pbminfotech-box-title\">Renata Figueiredo<\/h3>\r\n\t\t\t\t\t\t\t<\/div>\r\n\t\t<\/div>\r\n\t<\/div>\r\n<\/div><\/article>\r\n\t\t\t\t<\/div>\r\n\t\t\t\t \r\n\t\t\t\t \r\n\r\n\t\t\t\t <\/div> \t\r\n\r\n\t\t\t\r\n\t\t\t\t\t<\/div><!-- .pbmit-element-inner -->\r\n\t\t<\/div><!-- .pbminfotech-element -->\r\n\r\n\t\t\r\n\t\t\t\t\t\t<\/div>\n\t\t\t\t<\/div>\n\t\t\t\t\t<\/div>\n\t\t<\/div>\n\t\t\t\t\t<\/div>\n\t\t<\/div>\n\t\t\t\t<\/div>\n\t\t","protected":false},"excerpt":{"rendered":"<p>Servi\u00e7os Imprimimos Sua Expectativa Comunica\u00e7\u00e3o Visual \ud83c\udfaf \u2705 Adesivo automotivo com aplica\u00e7\u00e3o \u2705 Adesivo de recorte para r\u00f3tulos \u2705 Adesivo para vitrine de loja \u2705 Adesivo perfurado para vidros \u2705 Card\u00e1pios para restaurantes e lanchonetes \u2705 Fachada de loja \u2705 Lona para anivers\u00e1rio \u2705 Placa de identifica\u00e7\u00e3o \u2705 Placa para sinaliza\u00e7\u00e3o em PVC \u2705 Quadro [&hellip;]<\/p>\n","protected":false},"author":1,"featured_media":0,"parent":0,"menu_order":1,"comment_status":"closed","ping_status":"closed","template":"","meta":{"_acf_changed":false,"inline_featured_image":false,"footnotes":""},"class_list":["post-7721","page","type-page","status-publish","hentry"],"acf":[],"_links":{"self":[{"href":"https:\/\/renovagraficarapida.com.br\/index.php?rest_route=\/wp\/v2\/pages\/7721","targetHints":{"allow":["GET"]}}],"collection":[{"href":"https:\/\/renovagraficarapida.com.br\/index.php?rest_route=\/wp\/v2\/pages"}],"about":[{"href":"https:\/\/renovagraficarapida.com.br\/index.php?rest_route=\/wp\/v2\/types\/page"}],"author":[{"embeddable":true,"href":"https:\/\/renovagraficarapida.com.br\/index.php?rest_route=\/wp\/v2\/users\/1"}],"replies":[{"embeddable":true,"href":"https:\/\/renovagraficarapida.com.br\/index.php?rest_route=%2Fwp%2Fv2%2Fcomments&post=7721"}],"version-history":[{"count":55,"href":"https:\/\/renovagraficarapida.com.br\/index.php?rest_route=\/wp\/v2\/pages\/7721\/revisions"}],"predecessor-version":[{"id":7982,"href":"https:\/\/renovagraficarapida.com.br\/index.php?rest_route=\/wp\/v2\/pages\/7721\/revisions\/7982"}],"wp:attachment":[{"href":"https:\/\/renovagraficarapida.com.br\/index.php?rest_route=%2Fwp%2Fv2%2Fmedia&parent=7721"}],"curies":[{"name":"wp","href":"https:\/\/api.w.org\/{rel}","templated":true}]}}