{"id":7870,"date":"2025-10-23T22:58:52","date_gmt":"2025-10-24T01:58:52","guid":{"rendered":"http:\/\/renovagraficarapida.com.br\/?page_id=7870"},"modified":"2025-11-18T16:24:48","modified_gmt":"2025-11-18T19:24:48","slug":"inicio","status":"publish","type":"page","link":"https:\/\/renovagraficarapida.com.br\/","title":{"rendered":"In\u00edcio"},"content":{"rendered":"\t\t<div data-elementor-type=\"wp-page\" data-elementor-id=\"7870\" class=\"elementor elementor-7870\">\n\t\t\t\t\t\t<section class=\"elementor-section elementor-top-section elementor-element elementor-element-59ae8a8 pbmit-col-stretched-none pbmit-bg-color-over-image elementor-section-boxed elementor-section-height-default elementor-section-height-default\" data-id=\"59ae8a8\" data-element_type=\"section\">\n\t\t\t\t\t\t<div class=\"elementor-container elementor-column-gap-default\">\n\t\t\t\t\t<div class=\"elementor-column elementor-col-100 elementor-top-column elementor-element elementor-element-d44ac2d pbmit-bg-color-over-image\" data-id=\"d44ac2d\" data-element_type=\"column\">\n\t\t\t<div class=\"elementor-widget-wrap elementor-element-populated\">\n\t\t\t\t\t\t<div class=\"elementor-element elementor-element-f452fa0 elementor-widget elementor-widget-pbmit_marquee_effect_element\" data-id=\"f452fa0\" data-element_type=\"widget\" data-widget_type=\"pbmit_marquee_effect_element.default\">\n\t\t\t\t<div class=\"elementor-widget-container\">\n\t\t\t\t\t\r\n\t\t\r\n\t\t<div class=\"pbminfotech-element\r\n\t\t\tpbminfotech-element-marquee-effect\t\t\tpbmit-element-marquee-effect-style-1\t\t\tpbmit-element-viewtype-row-column\t\t\tpbmit-element-column-three\t\t\tpbmit-element-sticky-carousel-false\t\t\tpbmit-element-caroursel-dot-false\t\t\tpbmit-infinite-scroll-no\t\t\tpbmit-infinite-scroll-button-no\t\t\t\t\t\t\t\t\t\t\t\t\"\r\n\r\n\t\t\tdata-cpt=\"marquee-effect\"\r\n\t\t\tdata-totalpagination=\"1\"\r\n\t\t\tdata-style=\"1\"\r\n\t\t\tdata-show=\"3\"\r\n\t\t\tdata-columns=\"3\"\r\n\t\t\tdata-loop=\"false\"\r\n\t\t\tdata-autoplay=\"false\"\r\n\t\t\tdata-center=\"false\"\r\n\t\t\tdata-nav=\"false\"\r\n\t\t\tdata-dots=\"false\"\r\n\t\t\tdata-reverse=\"false\"\r\n\t\t\tdata-speed=\"1000\"\r\n\t\t\tdata-marquee-speed=\"9000\"\r\n\t\t\tdata-delay=\"4000\"\r\n\t\t\tdata-margin=\"\"\r\n\t\t\tdata-show-portion=\"false\">\r\n\r\n\t\t\t<div class=\"pbmit-element-inner\">\r\n\t\t\r\n\r\n\t\t\r\n\t\t<div class=\"pbmit-marquee-effect-section\">\t\t\r\n\r\n\t\t\t<div class=\"pbmit-marquee-container pbmit-tag-top pbmit-element-posts-wrapper swiper-container\">\r\n\t\t\t\t<article class=\"pbmit-ele pbmit-ele-marquee-effect pbmit-marquee-effect-style-1    \"><div class=\"pbmit-tag-wrapper\">\r\n\t<h2 class=\"pbmit-element-title\" data-text=\"Renova Gr\u00e1fica\">\r\n\t\t\t\t\t\t\r\n\t\t\t\t\t\t\tRenova Gr\u00e1fica\r\n\t\t\t\t\t\t\r\n\t\t\t\t\t\t<\/h2><\/div><\/article>\t\t\t<\/div>\r\n\t\t<\/div>\r\n\r\n\t\t\t\t\t<\/div><!-- .pbmit-element-inner -->\r\n\t\t<\/div><!-- .pbminfotech-element -->\r\n\r\n\t\t\t\t\t\t\t\t<\/div>\n\t\t\t\t<\/div>\n\t\t\t\t\t<\/div>\n\t\t<\/div>\n\t\t\t\t\t<\/div>\n\t\t<\/section>\n\t\t\t\t<section class=\"elementor-section elementor-top-section elementor-element elementor-element-f95133c elementor-section-content-middle pbmit-col-stretched-none pbmit-bg-color-over-image elementor-section-boxed elementor-section-height-default elementor-section-height-default\" data-id=\"f95133c\" data-element_type=\"section\">\n\t\t\t\t\t\t<div class=\"elementor-container elementor-column-gap-no\">\n\t\t\t\t\t<div class=\"elementor-column elementor-col-50 elementor-top-column elementor-element elementor-element-6ff28c1 pbmit-bg-color-over-image\" data-id=\"6ff28c1\" data-element_type=\"column\">\n\t\t\t<div class=\"elementor-widget-wrap elementor-element-populated\">\n\t\t\t\t\t\t<div class=\"elementor-element elementor-element-2bb2997 ttta elementor-widget elementor-widget-pbmit_multiple_icon_heading\" data-id=\"2bb2997\" data-element_type=\"widget\" data-widget_type=\"pbmit_multiple_icon_heading.default\">\n\t\t\t\t<div class=\"elementor-widget-container\">\n\t\t\t\t\t\r\n\t\t<div class=\"pbminfotech-element\r\n\t\t\tpbminfotech-element-miconheading\t\t\tpbmit-element-miconheading-style-20\t\t\tpbmit-element-viewtype-row-column\t\t\tpbmit-element-column-one\t\t\tpbmit-element-sticky-carousel-false\t\t\tpbmit-element-caroursel-dot-false\t\t\tpbmit-infinite-scroll-no\t\t\tpbmit-infinite-scroll-button-no\t\t\t\t\t\t\t\t\t\t\t\t\"\r\n\r\n\t\t\tdata-cpt=\"miconheading\"\r\n\t\t\tdata-totalpagination=\"1\"\r\n\t\t\tdata-style=\"20\"\r\n\t\t\tdata-show=\"3\"\r\n\t\t\tdata-columns=\"1\"\r\n\t\t\tdata-loop=\"false\"\r\n\t\t\tdata-autoplay=\"false\"\r\n\t\t\tdata-center=\"false\"\r\n\t\t\tdata-nav=\"false\"\r\n\t\t\tdata-dots=\"false\"\r\n\t\t\tdata-reverse=\"false\"\r\n\t\t\tdata-speed=\"1000\"\r\n\t\t\tdata-marquee-speed=\"10000\"\r\n\t\t\tdata-delay=\"4000\"\r\n\t\t\tdata-margin=\"\"\r\n\t\t\tdata-show-portion=\"false\">\r\n\r\n\t\t\t<div class=\"pbmit-element-inner\">\r\n\t\t\r\n\r\n\t\t\r\n\t\t<div class=\"pbmit-ele-header-area\">\r\n\t\t\t <div class=\"pbmit-heading-subheading pbmit-heading-subheading-style-1 pbmit-reverse-heading-yes animation-style4\"><h4 class=\"pbmit-element-subtitle\"><span>\r\n\t\t\t\t<\/span>\r\n\t\t\t\t\r\n\t\t\t\t\tSobre N\u00f3s\r\n\t\t\t\t\r\n\t\t\t\t<\/h4>\r\n\t\t\t<h2 class=\"pbmit-element-title\">\r\n\t\t\t\t\r\n\t\t\t\t\tQualidade n\u00e3o \u00e9 acaso, \u00e9 processo\r\n\t\t\t\t\r\n\t\t\t\t<\/h2>\r\n\t\t\t<div class=\"pbmit-heading-desc\">A <strong>Renova Gr\u00e1fica<\/strong> atua h\u00e1 mais de 30 anos no mercado gr\u00e1fico, iniciando suas atividades ainda nos anos 80, no bairro Nova Uni\u00e3o, com o saudoso Paulo da Gr\u00e1fica. Em 2022, passou a se chamar Renova Gr\u00e1fica R\u00e1pida, mantendo o mesmo compromisso com a qualidade, a agilidade e o bom atendimento que marcaram sua hist\u00f3ria.\n<br><br>\nHoje, a empresa conta com <strong>4 plotters de impress\u00e3o digital, m\u00e1quinas offset e m\u00e1quinas digitais de alta resolu\u00e7\u00e3o<\/strong>, o que garante produ\u00e7\u00e3o pr\u00f3pria, rapidez na entrega e excelente padr\u00e3o de impress\u00e3o em diferentes formatos. Estamos localizados <strong>\u00e0s margens da Rodovia Presidente Dutra, na Rua Vereador Cantionolio da Silva Branco, 61 \u2013 Monte Cristo, Barra Mansa \u2013 RJ<\/strong>, em um ponto estrat\u00e9gico para atender clientes de toda a regi\u00e3o.<\/div><\/div>\t\t<\/div>\r\n\r\n\r\n\t\t<div class=\"pbmit-element-posts-wrapper row multi-columns-row\">\r\n\r\n\t\t\t<article class=\"pbmit-ele pbmit-ele-miconheading pbmit-miconheading-style-20 col-md-12   \">\r\n\t\t\t\t\t\t<div class=\"pbmit-ihbox pbmit-ihbox-style-20\">\r\n\t\t\t\t\t\t\t<div class=\"pbmit-ihbox-headingicon\">\r\n\t\t<div class=\"pbmit-ihbox-contents\">\r\n\t\t\t\t\t\t\t\t\t\t\t<\/div><!-- .pbmit-ihbox-contents -->\r\n<\/div> \t\r\n\t\t\t\t\t\t<\/div>\r\n\r\n\t\t\t\t\t<\/article>\r\n\t\t<\/div>\r\n\r\n\t\t\t\t\t<\/div><!-- .pbmit-element-inner -->\r\n\t\t<\/div><!-- .pbminfotech-element -->\r\n\r\n\t\t\t\t\t\t<\/div>\n\t\t\t\t<\/div>\n\t\t\t\t<div class=\"elementor-element elementor-element-0541e28 pbmit-btn-shape-rounded elementor-widget__width-initial pbmit-btn-color-globalcolor pbmit-btn-hover-color-blackish pbmit-btn-style-flat pbmit-btn-magnatic-yes elementor-widget elementor-widget-button\" data-id=\"0541e28\" data-element_type=\"widget\" data-widget_type=\"button.default\">\n\t\t\t\t<div class=\"elementor-widget-container\">\n\t\t\t\t\t\t\t\t\t<div class=\"elementor-button-wrapper\">\n\t\t\t\t\t<a class=\"elementor-button elementor-button-link elementor-size-sm elementor-animation-shrink\" href=\"https:\/\/wa.me\/5524988230484\">\n\t\t\t\t\t\t<span class=\"elementor-button-content-wrapper\">\n\t\t\t\t\t\t<span class=\"elementor-button-icon\">\n\t\t\t\t\t\t\t<\/span>\n\t\t\t\t\t\t\t\t\t<span class=\"elementor-button-text\">Saiba Mais<\/span>\n\t\t\t\t\t<\/span>\n\t\t\t\t\t<\/a>\n\t\t\t\t<\/div>\n\t\t\t\t\t\t\t\t<\/div>\n\t\t\t\t<\/div>\n\t\t\t\t\t<\/div>\n\t\t<\/div>\n\t\t\t\t<div class=\"elementor-column elementor-col-50 elementor-top-column elementor-element elementor-element-4c5e88c pbmit-bg-color-over-image\" data-id=\"4c5e88c\" data-element_type=\"column\">\n\t\t\t<div class=\"elementor-widget-wrap elementor-element-populated\">\n\t\t\t\t\t\t<div class=\"elementor-element elementor-element-135758b pbmit-animation-none elementor-widget elementor-widget-image\" data-id=\"135758b\" data-element_type=\"widget\" data-widget_type=\"image.default\">\n\t\t\t\t<div class=\"elementor-widget-container\">\n\t\t\t\t\t\t\t\t\t\t\t\t\t\t\t<img fetchpriority=\"high\" decoding=\"async\" width=\"819\" height=\"1024\" src=\"https:\/\/renovagraficarapida.com.br\/wp-content\/uploads\/2025\/10\/renova-grafica-01-819x1024.jpg\" class=\"attachment-large size-large wp-image-7887\" alt=\"\" srcset=\"https:\/\/renovagraficarapida.com.br\/wp-content\/uploads\/2025\/10\/renova-grafica-01-819x1024.jpg 819w, https:\/\/renovagraficarapida.com.br\/wp-content\/uploads\/2025\/10\/renova-grafica-01-240x300.jpg 240w, https:\/\/renovagraficarapida.com.br\/wp-content\/uploads\/2025\/10\/renova-grafica-01-768x960.jpg 768w, https:\/\/renovagraficarapida.com.br\/wp-content\/uploads\/2025\/10\/renova-grafica-01-600x750.jpg 600w, https:\/\/renovagraficarapida.com.br\/wp-content\/uploads\/2025\/10\/renova-grafica-01.jpg 1080w\" sizes=\"(max-width: 819px) 100vw, 819px\" \/>\t\t\t\t\t\t\t\t\t\t\t\t\t\t\t<\/div>\n\t\t\t\t<\/div>\n\t\t\t\t\t<\/div>\n\t\t<\/div>\n\t\t\t\t\t<\/div>\n\t\t<\/section>\n\t\t\t\t<div class=\"elementor-section elementor-top-section elementor-element elementor-element-e71f42c elementor-section-stretched pbmit-col-stretched-none pbmit-bg-color-over-image elementor-section-boxed elementor-section-height-default elementor-section-height-default elementor-invisible\" data-id=\"e71f42c\" data-element_type=\"section\" data-settings=\"{&quot;stretch_section&quot;:&quot;section-stretched&quot;,&quot;background_background&quot;:&quot;classic&quot;,&quot;animation&quot;:&quot;fadeInLeft&quot;}\">\n\t\t\t\t\t\t<div class=\"elementor-container elementor-column-gap-no\">\n\t\t\t\t\t<div class=\"elementor-column elementor-col-100 elementor-top-column elementor-element elementor-element-960e5e9 pbmit-bg-color-over-image\" data-id=\"960e5e9\" data-element_type=\"column\">\n\t\t\t<div class=\"elementor-widget-wrap elementor-element-populated\">\n\t\t\t\t\t\t<div class=\"elementor-element elementor-element-c1c8a36 elementor-widget elementor-widget-pbmit_testimonial_element\" data-id=\"c1c8a36\" data-element_type=\"widget\" data-widget_type=\"pbmit_testimonial_element.default\">\n\t\t\t\t<div class=\"elementor-widget-container\">\n\t\t\t\t\t\r\n\t\t<div class=\"pbminfotech-element\r\n\t\t\tpbminfotech-element-testimonial\t\t\tpbmit-element-testimonial-style-2\t\t\tpbmit-element-viewtype-carousel\t\t\tpbmit-element-column-three\t\t\tpbmit-element-sticky-carousel-false\t\t\tpbmit-element-caroursel-dot-false\t\t\tpbmit-infinite-scroll-no\t\t\tpbmit-infinite-scroll-button-no\t\t\tpbminfotech-gap-default\t\t\t\t\t\t\t\t\t\"\r\n\r\n\t\t\tdata-cpt=\"testimonial\"\r\n\t\t\tdata-totalpagination=\"2\"\r\n\t\t\tdata-style=\"2\"\r\n\t\t\tdata-show=\"6\"\r\n\t\t\tdata-columns=\"3\"\r\n\t\t\tdata-loop=\"true\"\r\n\t\t\tdata-autoplay=\"true\"\r\n\t\t\tdata-center=\"false\"\r\n\t\t\tdata-nav=\"false\"\r\n\t\t\tdata-dots=\"false\"\r\n\t\t\tdata-reverse=\"false\"\r\n\t\t\tdata-speed=\"3000\"\r\n\t\t\tdata-marquee-speed=\"10000\"\r\n\t\t\tdata-delay=\"4000\"\r\n\t\t\tdata-margin=\"default\"\r\n\t\t\tdata-show-portion=\"false\">\r\n\r\n\t\t\t<div class=\"pbmit-element-inner\">\r\n\t\t\r\n\r\n\t\t\t\t\t<div class=\"pbmit-ele-header-area\">\r\n\t\t\t\t <div class=\"pbmit-heading-subheading pbmit-heading-subheading-style-1  animation-style4\"><\/div>\t\t\t<\/div>\r\n\r\n\t\t<div class=\"pbmit-infinite-scroll-data\">{\"cpt\":\"testimonial\",\"style\":\"2\",\"columns\":\"3\",\"show\":\"6\",\"order\":\"DESC\",\"orderby\":\"none\"}<\/div> <div class=\"pbmit-marquee-effect-section\"> \r\n\t\t\t\t<div class=\"pbmit-element-posts-wrapper  row multi-columns-row  pbmit-marquee-container   swiper-container\">\r\n\r\n\t\t\t\t\t<article class=\"pbmit-ele pbmit-ele-testimonial pbmit-testimonial-style-2 col-md-4  pbmit-odd pbmit-col-odd\"><div class=\"pbminfotech-post-item\">\r\n\t<div class=\"pbmit-box-content-wrap\">\r\n\t\t<div class=\"pbminfotech-box-star-ratings\"><i class=\"pbmit-base-icon-star-1 pbmit-active\"><\/i><i class=\"pbmit-base-icon-star-1 pbmit-active\"><\/i><i class=\"pbmit-base-icon-star-1 pbmit-active\"><\/i><i class=\"pbmit-base-icon-star-1 pbmit-active\"><\/i><i class=\"pbmit-base-icon-star-1 pbmit-active\"><\/i><\/div>\t\t<div class=\"pbminfotech-box-desc\">\r\n\t\t\t<blockquote class=\"pbminfotech-testimonial-text\"><p>Atendimento r\u00e1pido, prova digital clara e acabamento impec\u00e1vel.<\/p>\n<\/blockquote>\r\n\t\t<\/div>\r\n\t\t<div class=\"pbminfotech-box-author d-flex align-items-center\">\r\n\t\t\t<div class=\"pbminfotech-box-img\">\r\n\t\t\t\t\t\t\t<\/div>\r\n\t\t\t<div class=\"pbmit-auther-content\">\r\n\t\t\t\t<h3 class=\"pbminfotech-box-title\">Rafael Pires<\/h3>\r\n\t\t\t\t\t\t\t<\/div>\r\n\t\t<\/div>\r\n\t<\/div>\r\n<\/div><\/article><article class=\"pbmit-ele pbmit-ele-testimonial pbmit-testimonial-style-2 col-md-4  pbmit-even pbmit-col-odd\"><div class=\"pbminfotech-post-item\">\r\n\t<div class=\"pbmit-box-content-wrap\">\r\n\t\t<div class=\"pbminfotech-box-star-ratings\"><i class=\"pbmit-base-icon-star-1 pbmit-active\"><\/i><i class=\"pbmit-base-icon-star-1 pbmit-active\"><\/i><i class=\"pbmit-base-icon-star-1 pbmit-active\"><\/i><i class=\"pbmit-base-icon-star-1 pbmit-active\"><\/i><i class=\"pbmit-base-icon-star-1 pbmit-active\"><\/i><\/div>\t\t<div class=\"pbminfotech-box-desc\">\r\n\t\t\t<blockquote class=\"pbminfotech-testimonial-text\"><p>Os cat\u00e1logos chegaram embalados, sem amassar, prontos para a feira.<\/p>\n<\/blockquote>\r\n\t\t<\/div>\r\n\t\t<div class=\"pbminfotech-box-author d-flex align-items-center\">\r\n\t\t\t<div class=\"pbminfotech-box-img\">\r\n\t\t\t\t\t\t\t<\/div>\r\n\t\t\t<div class=\"pbmit-auther-content\">\r\n\t\t\t\t<h3 class=\"pbminfotech-box-title\">Camila Ferraz<\/h3>\r\n\t\t\t\t\t\t\t<\/div>\r\n\t\t<\/div>\r\n\t<\/div>\r\n<\/div><\/article><article class=\"pbmit-ele pbmit-ele-testimonial pbmit-testimonial-style-2 col-md-4  pbmit-odd pbmit-col-odd\"><div class=\"pbminfotech-post-item\">\r\n\t<div class=\"pbmit-box-content-wrap\">\r\n\t\t<div class=\"pbminfotech-box-star-ratings\"><i class=\"pbmit-base-icon-star-1 pbmit-active\"><\/i><i class=\"pbmit-base-icon-star-1 pbmit-active\"><\/i><i class=\"pbmit-base-icon-star-1 pbmit-active\"><\/i><i class=\"pbmit-base-icon-star-1 pbmit-active\"><\/i><i class=\"pbmit-base-icon-star-1 pbmit-active\"><\/i><\/div>\t\t<div class=\"pbminfotech-box-desc\">\r\n\t\t\t<blockquote class=\"pbminfotech-testimonial-text\"><p>Pre\u00e7o justo e qualidade constante em todas as tiragens.<\/p>\n<\/blockquote>\r\n\t\t<\/div>\r\n\t\t<div class=\"pbminfotech-box-author d-flex align-items-center\">\r\n\t\t\t<div class=\"pbminfotech-box-img\">\r\n\t\t\t\t\t\t\t<\/div>\r\n\t\t\t<div class=\"pbmit-auther-content\">\r\n\t\t\t\t<h3 class=\"pbminfotech-box-title\">Bruno Andrade<\/h3>\r\n\t\t\t\t\t\t\t<\/div>\r\n\t\t<\/div>\r\n\t<\/div>\r\n<\/div><\/article><article class=\"pbmit-ele pbmit-ele-testimonial pbmit-testimonial-style-2 col-md-4  pbmit-even pbmit-col-even\"><div class=\"pbminfotech-post-item\">\r\n\t<div class=\"pbmit-box-content-wrap\">\r\n\t\t<div class=\"pbminfotech-box-star-ratings\"><i class=\"pbmit-base-icon-star-1 pbmit-active\"><\/i><i class=\"pbmit-base-icon-star-1 pbmit-active\"><\/i><i class=\"pbmit-base-icon-star-1 pbmit-active\"><\/i><i class=\"pbmit-base-icon-star-1 pbmit-active\"><\/i><i class=\"pbmit-base-icon-star-1 pbmit-active\"><\/i><\/div>\t\t<div class=\"pbminfotech-box-desc\">\r\n\t\t\t<blockquote class=\"pbminfotech-testimonial-text\"><p>Conseguiram o Pantone exato da nossa marca. Excelente!<\/p>\n<\/blockquote>\r\n\t\t<\/div>\r\n\t\t<div class=\"pbminfotech-box-author d-flex align-items-center\">\r\n\t\t\t<div class=\"pbminfotech-box-img\">\r\n\t\t\t\t\t\t\t<\/div>\r\n\t\t\t<div class=\"pbmit-auther-content\">\r\n\t\t\t\t<h3 class=\"pbminfotech-box-title\">Ana Bezerra<\/h3>\r\n\t\t\t\t\t\t\t<\/div>\r\n\t\t<\/div>\r\n\t<\/div>\r\n<\/div><\/article><article class=\"pbmit-ele pbmit-ele-testimonial pbmit-testimonial-style-2 col-md-4  pbmit-odd pbmit-col-even\"><div class=\"pbminfotech-post-item\">\r\n\t<div class=\"pbmit-box-content-wrap\">\r\n\t\t<div class=\"pbminfotech-box-star-ratings\"><i class=\"pbmit-base-icon-star-1 pbmit-active\"><\/i><i class=\"pbmit-base-icon-star-1 pbmit-active\"><\/i><i class=\"pbmit-base-icon-star-1 pbmit-active\"><\/i><i class=\"pbmit-base-icon-star-1 pbmit-active\"><\/i><i class=\"pbmit-base-icon-star-1 pbmit-active\"><\/i><\/div>\t\t<div class=\"pbminfotech-box-desc\">\r\n\t\t\t<blockquote class=\"pbminfotech-testimonial-text\"><p>Prazo curto, zero retrabalho e comunica\u00e7\u00e3o transparente.<\/p>\n<\/blockquote>\r\n\t\t<\/div>\r\n\t\t<div class=\"pbminfotech-box-author d-flex align-items-center\">\r\n\t\t\t<div class=\"pbminfotech-box-img\">\r\n\t\t\t\t\t\t\t<\/div>\r\n\t\t\t<div class=\"pbmit-auther-content\">\r\n\t\t\t\t<h3 class=\"pbminfotech-box-title\">Patr\u00edcia Moura<\/h3>\r\n\t\t\t\t\t\t\t<\/div>\r\n\t\t<\/div>\r\n\t<\/div>\r\n<\/div><\/article><article class=\"pbmit-ele pbmit-ele-testimonial pbmit-testimonial-style-2 col-md-4  pbmit-even pbmit-col-even\"><div class=\"pbminfotech-post-item\">\r\n\t<div class=\"pbmit-box-content-wrap\">\r\n\t\t<div class=\"pbminfotech-box-star-ratings\"><i class=\"pbmit-base-icon-star-1 pbmit-active\"><\/i><i class=\"pbmit-base-icon-star-1 pbmit-active\"><\/i><i class=\"pbmit-base-icon-star-1 pbmit-active\"><\/i><i class=\"pbmit-base-icon-star-1 pbmit-active\"><\/i><i class=\"pbmit-base-icon-star-1 pbmit-active\"><\/i><\/div>\t\t<div class=\"pbminfotech-box-desc\">\r\n\t\t\t<blockquote class=\"pbminfotech-testimonial-text\"><p>Os adesivos resistiram \u00e0 chuva e sol sem desbotar. Muito bom.<\/p>\n<\/blockquote>\r\n\t\t<\/div>\r\n\t\t<div class=\"pbminfotech-box-author d-flex align-items-center\">\r\n\t\t\t<div class=\"pbminfotech-box-img\">\r\n\t\t\t\t\t\t\t<\/div>\r\n\t\t\t<div class=\"pbmit-auther-content\">\r\n\t\t\t\t<h3 class=\"pbminfotech-box-title\">Renata Figueiredo<\/h3>\r\n\t\t\t\t\t\t\t<\/div>\r\n\t\t<\/div>\r\n\t<\/div>\r\n<\/div><\/article>\r\n\t\t\t\t<\/div>\r\n\t\t\t\t \r\n\t\t\t\t \r\n\r\n\t\t\t\t <\/div> \t\r\n\r\n\t\t\t\r\n\t\t\t\t\t<\/div><!-- .pbmit-element-inner -->\r\n\t\t<\/div><!-- .pbminfotech-element -->\r\n\r\n\t\t\r\n\t\t\t\t\t\t<\/div>\n\t\t\t\t<\/div>\n\t\t\t\t\t<\/div>\n\t\t<\/div>\n\t\t\t\t\t<\/div>\n\t\t<\/div>\n\t\t\t\t<section class=\"elementor-section elementor-top-section elementor-element elementor-element-96997cf pbmit-bg-color-yes pbmit-elementor-bg-color-blackish elementor-section-content-middle elementor-section-stretched pbmit-text-color-white pbmit-col-stretched-none pbmit-bg-color-over-image elementor-section-boxed elementor-section-height-default elementor-section-height-default\" data-id=\"96997cf\" data-element_type=\"section\" data-settings=\"{&quot;stretch_section&quot;:&quot;section-stretched&quot;}\">\n\t\t\t\t\t\t<div class=\"elementor-container elementor-column-gap-no\">\n\t\t\t\t\t<div class=\"elementor-column elementor-col-50 elementor-top-column elementor-element elementor-element-72c7247 pbmit-bg-color-over-image\" data-id=\"72c7247\" data-element_type=\"column\">\n\t\t\t<div class=\"elementor-widget-wrap elementor-element-populated\">\n\t\t\t\t\t\t<div class=\"elementor-element elementor-element-6079c70 elementor-icon-list--layout-inline pbmit-footer-menu-top elementor-list-item-link-full_width elementor-widget elementor-widget-icon-list\" data-id=\"6079c70\" data-element_type=\"widget\" data-widget_type=\"icon-list.default\">\n\t\t\t\t<div class=\"elementor-widget-container\">\n\t\t\t\t\t\t\t<ul class=\"elementor-icon-list-items elementor-inline-items\">\n\t\t\t\t\t\t\t<li class=\"elementor-icon-list-item elementor-inline-item\">\n\t\t\t\t\t\t\t\t\t\t\t<a href=\"#\">\n\n\t\t\t\t\t\t\t\t\t\t\t<span class=\"elementor-icon-list-text\">Our Mission<\/span>\n\t\t\t\t\t\t\t\t\t\t\t<\/a>\n\t\t\t\t\t\t\t\t\t<\/li>\n\t\t\t\t\t\t\t\t<li class=\"elementor-icon-list-item elementor-inline-item\">\n\t\t\t\t\t\t\t\t\t\t\t<a href=\"#\">\n\n\t\t\t\t\t\t\t\t\t\t\t<span class=\"elementor-icon-list-text\">Awards<\/span>\n\t\t\t\t\t\t\t\t\t\t\t<\/a>\n\t\t\t\t\t\t\t\t\t<\/li>\n\t\t\t\t\t\t\t\t<li class=\"elementor-icon-list-item elementor-inline-item\">\n\t\t\t\t\t\t\t\t\t\t\t<a href=\"#\">\n\n\t\t\t\t\t\t\t\t\t\t\t<span class=\"elementor-icon-list-text\">Experience<\/span>\n\t\t\t\t\t\t\t\t\t\t\t<\/a>\n\t\t\t\t\t\t\t\t\t<\/li>\n\t\t\t\t\t\t\t\t<li class=\"elementor-icon-list-item elementor-inline-item\">\n\t\t\t\t\t\t\t\t\t\t\t<a href=\"#\">\n\n\t\t\t\t\t\t\t\t\t\t\t<span class=\"elementor-icon-list-text\">Success Story<\/span>\n\t\t\t\t\t\t\t\t\t\t\t<\/a>\n\t\t\t\t\t\t\t\t\t<\/li>\n\t\t\t\t\t\t<\/ul>\n\t\t\t\t\t\t<\/div>\n\t\t\t\t<\/div>\n\t\t\t\t\t<\/div>\n\t\t<\/div>\n\t\t\t\t<div class=\"elementor-column elementor-col-25 elementor-top-column elementor-element elementor-element-97733b0 pbmit-bg-color-over-image\" data-id=\"97733b0\" data-element_type=\"column\">\n\t\t\t<div class=\"elementor-widget-wrap elementor-element-populated\">\n\t\t\t\t\t\t<div class=\"elementor-element elementor-element-bd97349 elementor-widget elementor-widget-pbmit_icon_heading\" data-id=\"bd97349\" data-element_type=\"widget\" data-widget_type=\"pbmit_icon_heading.default\">\n\t\t\t\t<div class=\"elementor-widget-container\">\n\t\t\t\t\t<div class=\"pbmit-ihbox pbmit-ihbox-style-13\"><div class=\"pbmit-ihbox-box\">\r\n\t<div class=\"pbmit-ihbox-icon\"><div class=\"pbmit-ihbox-icon-wrapper pbmit-ihbox-icon-type-icon\"><div class=\"pbmit-icon-wrapper pbmit-icon-type-icon\"><i class=\"pbmit-xcare-icon pbmit-xcare-icon-phone-call\"><\/i><\/div><\/div><\/div>\t<div class=\"pbmit-ihbox-contents\">\r\n\t\t\t\t\t<h2 class=\"pbmit-element-title\">+ 1(212) 255-511<\/h2>\t\t\t\t\t<\/div>\r\n<\/div><\/div>\t\t\t\t<\/div>\n\t\t\t\t<\/div>\n\t\t\t\t\t<\/div>\n\t\t<\/div>\n\t\t\t\t<div class=\"elementor-column elementor-col-25 elementor-top-column elementor-element elementor-element-7fbeaea pbmit-bg-color-over-image\" data-id=\"7fbeaea\" data-element_type=\"column\">\n\t\t\t<div class=\"elementor-widget-wrap elementor-element-populated\">\n\t\t\t\t\t\t<div class=\"elementor-element elementor-element-8ecde49 elementor-widget elementor-widget-pbmit_icon_heading\" data-id=\"8ecde49\" data-element_type=\"widget\" data-widget_type=\"pbmit_icon_heading.default\">\n\t\t\t\t<div class=\"elementor-widget-container\">\n\t\t\t\t\t<div class=\"pbmit-ihbox pbmit-ihbox-style-13\"><div class=\"pbmit-ihbox-box\">\r\n\t<div class=\"pbmit-ihbox-icon\"><div class=\"pbmit-ihbox-icon-wrapper pbmit-ihbox-icon-type-icon\"><div class=\"pbmit-icon-wrapper pbmit-icon-type-icon\"><i class=\"pbmit-xcare-icon pbmit-xcare-icon-email\"><\/i><\/div><\/div><\/div>\t<div class=\"pbmit-ihbox-contents\">\r\n\t\t\t\t\t<h2 class=\"pbmit-element-title\">info@xcare.com<\/h2>\t\t\t\t\t<\/div>\r\n<\/div><\/div>\t\t\t\t<\/div>\n\t\t\t\t<\/div>\n\t\t\t\t\t<\/div>\n\t\t<\/div>\n\t\t\t\t\t<\/div>\n\t\t<\/section>\n\t\t\t\t<\/div>\n\t\t","protected":false},"excerpt":{"rendered":"<p>Renova Gr\u00e1fica Sobre N\u00f3s Qualidade n\u00e3o \u00e9 acaso, \u00e9 processo A Renova Gr\u00e1fica atua h\u00e1 mais de 30 anos no mercado gr\u00e1fico, iniciando suas atividades ainda nos anos 80, no bairro Nova Uni\u00e3o, com o saudoso Paulo da Gr\u00e1fica. Em 2022, passou a se chamar Renova Gr\u00e1fica R\u00e1pida, mantendo o mesmo compromisso com a qualidade, [&hellip;]<\/p>\n","protected":false},"author":1,"featured_media":0,"parent":0,"menu_order":0,"comment_status":"closed","ping_status":"closed","template":"","meta":{"_acf_changed":false,"inline_featured_image":false,"footnotes":""},"class_list":["post-7870","page","type-page","status-publish","hentry"],"acf":[],"_links":{"self":[{"href":"https:\/\/renovagraficarapida.com.br\/index.php?rest_route=\/wp\/v2\/pages\/7870","targetHints":{"allow":["GET"]}}],"collection":[{"href":"https:\/\/renovagraficarapida.com.br\/index.php?rest_route=\/wp\/v2\/pages"}],"about":[{"href":"https:\/\/renovagraficarapida.com.br\/index.php?rest_route=\/wp\/v2\/types\/page"}],"author":[{"embeddable":true,"href":"https:\/\/renovagraficarapida.com.br\/index.php?rest_route=\/wp\/v2\/users\/1"}],"replies":[{"embeddable":true,"href":"https:\/\/renovagraficarapida.com.br\/index.php?rest_route=%2Fwp%2Fv2%2Fcomments&post=7870"}],"version-history":[{"count":25,"href":"https:\/\/renovagraficarapida.com.br\/index.php?rest_route=\/wp\/v2\/pages\/7870\/revisions"}],"predecessor-version":[{"id":7976,"href":"https:\/\/renovagraficarapida.com.br\/index.php?rest_route=\/wp\/v2\/pages\/7870\/revisions\/7976"}],"wp:attachment":[{"href":"https:\/\/renovagraficarapida.com.br\/index.php?rest_route=%2Fwp%2Fv2%2Fmedia&parent=7870"}],"curies":[{"name":"wp","href":"https:\/\/api.w.org\/{rel}","templated":true}]}}